{"id":75,"date":"2022-06-29T14:46:46","date_gmt":"2022-06-29T12:46:46","guid":{"rendered":"https:\/\/hotelkingmilano.ms.decms.eu\/?page_id=75"},"modified":"2022-07-01T13:25:00","modified_gmt":"2022-07-01T11:25:00","slug":"chambre-individuelle","status":"publish","type":"page","link":"https:\/\/www.hotelkingmilano.com\/fr\/chambres\/chambre-individuelle\/","title":{"rendered":"Chambre individuelle"},"content":{"rendered":"<p>Chambre individuelle avec un lit fran\u00e7ais dot\u00e9 de tous les conforts n\u00e9cessaires pour garantir un s\u00e9jour qui d\u00e9tend et agr\u00e9able.<\/p>\n","protected":false},"excerpt":{"rendered":"<p>Chambre individuelle avec un lit fran\u00e7ais dot\u00e9 de tous les conforts n\u00e9cessaires pour garantir un s\u00e9jour qui d\u00e9tend et agr\u00e9able.<\/p>\n","protected":false},"author":13,"featured_media":0,"parent":66,"menu_order":10,"comment_status":"closed","ping_status":"closed","template":"template-single-room.php","meta":{"footnotes":""},"class_list":["post-75","page","type-page","status-publish","hentry"],"yoast_head":"<!-- This site is optimized with the Yoast SEO plugin v26.9 - https:\/\/yoast.com\/product\/yoast-seo-wordpress\/ -->\n<title>Chambre individuelle - Hotel King Milano -<\/title>\n<meta name=\"description\" content=\"Chambre individuelle avec un lit fran\u00e7ais dot\u00e9 de tous les conforts n\u00e9cessaires pour garantir un s\u00e9jour qui d\u00e9tend et agr\u00e9able..\" \/>\n<meta name=\"robots\" content=\"index, follow, max-snippet:-1, max-image-preview:large, max-video-preview:-1\" \/>\n<link rel=\"canonical\" href=\"https:\/\/www.hotelkingmilano.com\/fr\/chambres\/chambre-individuelle\/\" \/>\n<meta property=\"og:locale\" content=\"fr_FR\" \/>\n<meta property=\"og:type\" content=\"article\" \/>\n<meta property=\"og:title\" content=\"Chambre individuelle - Hotel King Milano -\" \/>\n<meta property=\"og:description\" content=\"Chambre individuelle avec un lit fran\u00e7ais dot\u00e9 de tous les conforts n\u00e9cessaires pour garantir un s\u00e9jour qui d\u00e9tend et agr\u00e9able..\" \/>\n<meta property=\"og:url\" content=\"https:\/\/www.hotelkingmilano.com\/fr\/chambres\/chambre-individuelle\/\" \/>\n<meta property=\"og:site_name\" content=\"Hotel King Milano\" \/>\n<meta property=\"article:modified_time\" content=\"2022-07-01T11:25:00+00:00\" \/>\n<meta property=\"og:image\" content=\"https:\/\/www.hotelkingmilano.com\/wp-content\/uploads\/sites\/467\/2022\/06\/hotel_king_servizi_slide_02.jpg\" \/>\n\t<meta property=\"og:image:width\" content=\"2200\" \/>\n\t<meta property=\"og:image:height\" content=\"1200\" \/>\n\t<meta property=\"og:image:type\" content=\"image\/jpeg\" \/>\n<meta name=\"twitter:card\" content=\"summary_large_image\" \/>\n<meta name=\"twitter:label1\" content=\"Dur\u00e9e de lecture estim\u00e9e\" \/>\n\t<meta name=\"twitter:data1\" content=\"1 minute\" \/>\n<script type=\"application\/ld+json\" class=\"yoast-schema-graph\">{\"@context\":\"https:\/\/schema.org\",\"@graph\":[{\"@type\":\"WebPage\",\"@id\":\"https:\/\/www.hotelkingmilano.com\/fr\/chambres\/chambre-individuelle\/\",\"url\":\"https:\/\/www.hotelkingmilano.com\/fr\/chambres\/chambre-individuelle\/\",\"name\":\"Chambre individuelle - Hotel King Milano -\",\"isPartOf\":{\"@id\":\"https:\/\/www.hotelkingmilano.com\/fr\/#website\"},\"datePublished\":\"2022-06-29T12:46:46+00:00\",\"dateModified\":\"2022-07-01T11:25:00+00:00\",\"description\":\"Chambre individuelle avec un lit fran\u00e7ais dot\u00e9 de tous les conforts n\u00e9cessaires pour garantir un s\u00e9jour qui d\u00e9tend et agr\u00e9able..\",\"breadcrumb\":{\"@id\":\"https:\/\/www.hotelkingmilano.com\/fr\/chambres\/chambre-individuelle\/#breadcrumb\"},\"inLanguage\":\"fr-FR\",\"potentialAction\":[{\"@type\":\"ReadAction\",\"target\":[\"https:\/\/www.hotelkingmilano.com\/fr\/chambres\/chambre-individuelle\/\"]}]},{\"@type\":\"BreadcrumbList\",\"@id\":\"https:\/\/www.hotelkingmilano.com\/fr\/chambres\/chambre-individuelle\/#breadcrumb\",\"itemListElement\":[{\"@type\":\"ListItem\",\"position\":1,\"name\":\"Home\",\"item\":\"https:\/\/www.hotelkingmilano.com\/fr\/\"},{\"@type\":\"ListItem\",\"position\":2,\"name\":\"Chambres\",\"item\":\"https:\/\/www.hotelkingmilano.com\/fr\/chambres\/\"},{\"@type\":\"ListItem\",\"position\":3,\"name\":\"Chambre individuelle\"}]},{\"@type\":\"WebSite\",\"@id\":\"https:\/\/www.hotelkingmilano.com\/fr\/#website\",\"url\":\"https:\/\/www.hotelkingmilano.com\/fr\/\",\"name\":\"Hotel King Milano\",\"description\":\"Ecco un altro sito ms.decms.eu\",\"potentialAction\":[{\"@type\":\"SearchAction\",\"target\":{\"@type\":\"EntryPoint\",\"urlTemplate\":\"https:\/\/www.hotelkingmilano.com\/fr\/?s={search_term_string}\"},\"query-input\":{\"@type\":\"PropertyValueSpecification\",\"valueRequired\":true,\"valueName\":\"search_term_string\"}}],\"inLanguage\":\"fr-FR\"}]}<\/script>\n<!-- \/ Yoast SEO plugin. -->","yoast_head_json":{"title":"Chambre individuelle - Hotel King Milano -","description":"Chambre individuelle avec un lit fran\u00e7ais dot\u00e9 de tous les conforts n\u00e9cessaires pour garantir un s\u00e9jour qui d\u00e9tend et agr\u00e9able..","robots":{"index":"index","follow":"follow","max-snippet":"max-snippet:-1","max-image-preview":"max-image-preview:large","max-video-preview":"max-video-preview:-1"},"canonical":"https:\/\/www.hotelkingmilano.com\/fr\/chambres\/chambre-individuelle\/","og_locale":"fr_FR","og_type":"article","og_title":"Chambre individuelle - Hotel King Milano -","og_description":"Chambre individuelle avec un lit fran\u00e7ais dot\u00e9 de tous les conforts n\u00e9cessaires pour garantir un s\u00e9jour qui d\u00e9tend et agr\u00e9able..","og_url":"https:\/\/www.hotelkingmilano.com\/fr\/chambres\/chambre-individuelle\/","og_site_name":"Hotel King Milano","article_modified_time":"2022-07-01T11:25:00+00:00","og_image":[{"width":2200,"height":1200,"url":"https:\/\/www.hotelkingmilano.com\/wp-content\/uploads\/sites\/467\/2022\/06\/hotel_king_servizi_slide_02.jpg","type":"image\/jpeg"}],"twitter_card":"summary_large_image","twitter_misc":{"Dur\u00e9e de lecture estim\u00e9e":"1 minute"},"schema":{"@context":"https:\/\/schema.org","@graph":[{"@type":"WebPage","@id":"https:\/\/www.hotelkingmilano.com\/fr\/chambres\/chambre-individuelle\/","url":"https:\/\/www.hotelkingmilano.com\/fr\/chambres\/chambre-individuelle\/","name":"Chambre individuelle - Hotel King Milano -","isPartOf":{"@id":"https:\/\/www.hotelkingmilano.com\/fr\/#website"},"datePublished":"2022-06-29T12:46:46+00:00","dateModified":"2022-07-01T11:25:00+00:00","description":"Chambre individuelle avec un lit fran\u00e7ais dot\u00e9 de tous les conforts n\u00e9cessaires pour garantir un s\u00e9jour qui d\u00e9tend et agr\u00e9able..","breadcrumb":{"@id":"https:\/\/www.hotelkingmilano.com\/fr\/chambres\/chambre-individuelle\/#breadcrumb"},"inLanguage":"fr-FR","potentialAction":[{"@type":"ReadAction","target":["https:\/\/www.hotelkingmilano.com\/fr\/chambres\/chambre-individuelle\/"]}]},{"@type":"BreadcrumbList","@id":"https:\/\/www.hotelkingmilano.com\/fr\/chambres\/chambre-individuelle\/#breadcrumb","itemListElement":[{"@type":"ListItem","position":1,"name":"Home","item":"https:\/\/www.hotelkingmilano.com\/fr\/"},{"@type":"ListItem","position":2,"name":"Chambres","item":"https:\/\/www.hotelkingmilano.com\/fr\/chambres\/"},{"@type":"ListItem","position":3,"name":"Chambre individuelle"}]},{"@type":"WebSite","@id":"https:\/\/www.hotelkingmilano.com\/fr\/#website","url":"https:\/\/www.hotelkingmilano.com\/fr\/","name":"Hotel King Milano","description":"Ecco un altro sito ms.decms.eu","potentialAction":[{"@type":"SearchAction","target":{"@type":"EntryPoint","urlTemplate":"https:\/\/www.hotelkingmilano.com\/fr\/?s={search_term_string}"},"query-input":{"@type":"PropertyValueSpecification","valueRequired":true,"valueName":"search_term_string"}}],"inLanguage":"fr-FR"}]}},"acf":[],"_links":{"self":[{"href":"https:\/\/www.hotelkingmilano.com\/fr\/wp-json\/wp\/v2\/pages\/75","targetHints":{"allow":["GET"]}}],"collection":[{"href":"https:\/\/www.hotelkingmilano.com\/fr\/wp-json\/wp\/v2\/pages"}],"about":[{"href":"https:\/\/www.hotelkingmilano.com\/fr\/wp-json\/wp\/v2\/types\/page"}],"author":[{"embeddable":true,"href":"https:\/\/www.hotelkingmilano.com\/fr\/wp-json\/wp\/v2\/users\/13"}],"replies":[{"embeddable":true,"href":"https:\/\/www.hotelkingmilano.com\/fr\/wp-json\/wp\/v2\/comments?post=75"}],"version-history":[{"count":0,"href":"https:\/\/www.hotelkingmilano.com\/fr\/wp-json\/wp\/v2\/pages\/75\/revisions"}],"up":[{"embeddable":true,"href":"https:\/\/www.hotelkingmilano.com\/fr\/wp-json\/wp\/v2\/pages\/66"}],"wp:attachment":[{"href":"https:\/\/www.hotelkingmilano.com\/fr\/wp-json\/wp\/v2\/media?parent=75"}],"curies":[{"name":"wp","href":"https:\/\/api.w.org\/{rel}","templated":true}]}}