{"id":63,"date":"2022-06-29T12:46:51","date_gmt":"2022-06-29T10:46:51","guid":{"rendered":"https:\/\/hotelkingmilano.ms.decms.eu\/?page_id=63"},"modified":"2022-09-01T09:44:38","modified_gmt":"2022-09-01T07:44:38","slug":"bienvenue-a-milan","status":"publish","type":"page","link":"https:\/\/www.hotelkingmilano.com\/fr\/","title":{"rendered":"Bienvenue \u00e0 Milan"},"content":{"rendered":"<p>H\u00f4tel King, sans esitation, le roi du groupe Mokinba. Dans le centre historique, \u00e0 cinq minutes du Duomo rempli, offre \u00e0 ses clients tout le confort.<\/p>\n<p>Il a \u00e9t\u00e9 r\u00e9nov\u00e9 au fil des ans, tout en conservant un d\u00e9cor de style, offre \u00e0 ses clients un environnement \u00e9l\u00e9gant et accueillant avec une atmosph\u00e8re confortable et famili\u00e8re.<\/p>\n<p>Chaque chambre dispose d&rsquo;une salle de bains, s\u00e8che-cheveux, t\u00e9l\u00e9phone direct, t\u00e9l\u00e9vision par satellite, de la radio, d&rsquo;une connexion Wi-Fi, de la climatisation et d&rsquo;un minibar.<\/p>\n<p>Quoi de mieux qu&rsquo;un petit d\u00e9jeuner copieux pour commencer la journ\u00e9e? Vous serez surpris par la vari\u00e9t\u00e9 des articles sur la table du buffet. Vous devez garer votre voiture? Pas de probl\u00e8me: il ya un garage priv\u00e9 \u00e0 seulement 5 minutes \u00e0 pied.<\/p>\n<p>La r\u00e9ception se fera un plaisir de vous aider avec un service rapide.<\/p>\n<p>Venez nous rendre visite, nous serons heureux de montrer notre meilleur accueil!<\/p>\n","protected":false},"excerpt":{"rendered":"<p>H\u00f4tel King, sans esitation, le roi du groupe Mokinba. Dans le centre historique, \u00e0 cinq minutes du Duomo rempli, offre \u00e0 ses clients tout le confort. Il a \u00e9t\u00e9 r\u00e9nov\u00e9 au fil des ans, tout en conservant un d\u00e9cor de style, offre \u00e0 ses clients un environnement \u00e9l\u00e9gant et accueillant avec une atmosph\u00e8re confortable et [&hellip;]<\/p>\n","protected":false},"author":13,"featured_media":0,"parent":0,"menu_order":10,"comment_status":"closed","ping_status":"closed","template":"","meta":{"footnotes":""},"class_list":["post-63","page","type-page","status-publish","hentry"],"yoast_head":"<!-- This site is optimized with the Yoast SEO plugin v26.9 - https:\/\/yoast.com\/product\/yoast-seo-wordpress\/ -->\n<title>H\u00f4tel King Mokinba - Au c\u0153ur de Milan<\/title>\n<meta name=\"description\" content=\"H\u00f4tel King, sans esitation, le roi du groupe Mokinba. Dans le centre historique, \u00e0 cinq minutes du Duomo rempli, offre \u00e0 ses clients tout le confort.  Il a \u00e9t\u00e9 r\u00e9nov\u00e9 au fil des ans, tout en conservant un d\u00e9cor de style, offre \u00e0 ses clients un environnement \u00e9l\u00e9gant et accueillant avec une atmosph\u00e8re confortable et famili\u00e8re.  Chaque chambre dispose d&#039;une salle de bains, s\u00e8che-cheveux, t\u00e9l\u00e9phone direct, t\u00e9l\u00e9vision par satellite, de la radio, d&#039;une connexion Wi-Fi, de la climatisation et d&#039;un minibar.  Quoi de mieux qu&#039;un petit d\u00e9jeuner copieux pour commencer la journ\u00e9e? Vous serez surpris par la vari\u00e9t\u00e9 des articles sur la table du buffet\" \/>\n<meta name=\"robots\" content=\"index, follow, max-snippet:-1, max-image-preview:large, max-video-preview:-1\" \/>\n<link rel=\"canonical\" href=\"https:\/\/www.hotelkingmilano.com\/fr\/\" \/>\n<meta property=\"og:locale\" content=\"fr_FR\" \/>\n<meta property=\"og:type\" content=\"article\" \/>\n<meta property=\"og:title\" content=\"H\u00f4tel King Mokinba - Au c\u0153ur de Milan\" \/>\n<meta property=\"og:description\" content=\"H\u00f4tel King, sans esitation, le roi du groupe Mokinba. Dans le centre historique, \u00e0 cinq minutes du Duomo rempli, offre \u00e0 ses clients tout le confort.  Il a \u00e9t\u00e9 r\u00e9nov\u00e9 au fil des ans, tout en conservant un d\u00e9cor de style, offre \u00e0 ses clients un environnement \u00e9l\u00e9gant et accueillant avec une atmosph\u00e8re confortable et famili\u00e8re.  Chaque chambre dispose d&#039;une salle de bains, s\u00e8che-cheveux, t\u00e9l\u00e9phone direct, t\u00e9l\u00e9vision par satellite, de la radio, d&#039;une connexion Wi-Fi, de la climatisation et d&#039;un minibar.  Quoi de mieux qu&#039;un petit d\u00e9jeuner copieux pour commencer la journ\u00e9e? Vous serez surpris par la vari\u00e9t\u00e9 des articles sur la table du buffet\" \/>\n<meta property=\"og:url\" content=\"https:\/\/www.hotelkingmilano.com\/fr\/\" \/>\n<meta property=\"og:site_name\" content=\"Hotel King Milano\" \/>\n<meta property=\"article:modified_time\" content=\"2022-09-01T07:44:38+00:00\" \/>\n<meta property=\"og:image\" content=\"https:\/\/www.hotelkingmilano.com\/wp-content\/uploads\/sites\/467\/2022\/06\/hotel_king_servizi_slide_02.jpg\" \/>\n\t<meta property=\"og:image:width\" content=\"2200\" \/>\n\t<meta property=\"og:image:height\" content=\"1200\" \/>\n\t<meta property=\"og:image:type\" content=\"image\/jpeg\" \/>\n<meta name=\"twitter:card\" content=\"summary_large_image\" \/>\n<script type=\"application\/ld+json\" class=\"yoast-schema-graph\">{\"@context\":\"https:\/\/schema.org\",\"@graph\":[{\"@type\":\"WebPage\",\"@id\":\"https:\/\/www.hotelkingmilano.com\/fr\/\",\"url\":\"https:\/\/www.hotelkingmilano.com\/fr\/\",\"name\":\"H\u00f4tel King Mokinba - Au c\u0153ur de Milan\",\"isPartOf\":{\"@id\":\"https:\/\/www.hotelkingmilano.com\/fr\/#website\"},\"datePublished\":\"2022-06-29T10:46:51+00:00\",\"dateModified\":\"2022-09-01T07:44:38+00:00\",\"description\":\"H\u00f4tel King, sans esitation, le roi du groupe Mokinba. Dans le centre historique, \u00e0 cinq minutes du Duomo rempli, offre \u00e0 ses clients tout le confort. Il a \u00e9t\u00e9 r\u00e9nov\u00e9 au fil des ans, tout en conservant un d\u00e9cor de style, offre \u00e0 ses clients un environnement \u00e9l\u00e9gant et accueillant avec une atmosph\u00e8re confortable et famili\u00e8re. Chaque chambre dispose d'une salle de bains, s\u00e8che-cheveux, t\u00e9l\u00e9phone direct, t\u00e9l\u00e9vision par satellite, de la radio, d'une connexion Wi-Fi, de la climatisation et d'un minibar. Quoi de mieux qu'un petit d\u00e9jeuner copieux pour commencer la journ\u00e9e? Vous serez surpris par la vari\u00e9t\u00e9 des articles sur la table du buffet\",\"breadcrumb\":{\"@id\":\"https:\/\/www.hotelkingmilano.com\/fr\/#breadcrumb\"},\"inLanguage\":\"fr-FR\",\"potentialAction\":[{\"@type\":\"ReadAction\",\"target\":[\"https:\/\/www.hotelkingmilano.com\/fr\/\"]}]},{\"@type\":\"BreadcrumbList\",\"@id\":\"https:\/\/www.hotelkingmilano.com\/fr\/#breadcrumb\",\"itemListElement\":[{\"@type\":\"ListItem\",\"position\":1,\"name\":\"Home\",\"item\":\"https:\/\/www.hotelkingmilano.com\/fr\/\"},{\"@type\":\"ListItem\",\"position\":2,\"name\":\"Bienvenue \u00e0 Milan\"}]},{\"@type\":\"WebSite\",\"@id\":\"https:\/\/www.hotelkingmilano.com\/fr\/#website\",\"url\":\"https:\/\/www.hotelkingmilano.com\/fr\/\",\"name\":\"Hotel King Milano\",\"description\":\"Ecco un altro sito ms.decms.eu\",\"potentialAction\":[{\"@type\":\"SearchAction\",\"target\":{\"@type\":\"EntryPoint\",\"urlTemplate\":\"https:\/\/www.hotelkingmilano.com\/fr\/?s={search_term_string}\"},\"query-input\":{\"@type\":\"PropertyValueSpecification\",\"valueRequired\":true,\"valueName\":\"search_term_string\"}}],\"inLanguage\":\"fr-FR\"}]}<\/script>\n<!-- \/ Yoast SEO plugin. -->","yoast_head_json":{"title":"H\u00f4tel King Mokinba - Au c\u0153ur de Milan","description":"H\u00f4tel King, sans esitation, le roi du groupe Mokinba. Dans le centre historique, \u00e0 cinq minutes du Duomo rempli, offre \u00e0 ses clients tout le confort.  Il a \u00e9t\u00e9 r\u00e9nov\u00e9 au fil des ans, tout en conservant un d\u00e9cor de style, offre \u00e0 ses clients un environnement \u00e9l\u00e9gant et accueillant avec une atmosph\u00e8re confortable et famili\u00e8re.  Chaque chambre dispose d'une salle de bains, s\u00e8che-cheveux, t\u00e9l\u00e9phone direct, t\u00e9l\u00e9vision par satellite, de la radio, d'une connexion Wi-Fi, de la climatisation et d'un minibar.  Quoi de mieux qu'un petit d\u00e9jeuner copieux pour commencer la journ\u00e9e? Vous serez surpris par la vari\u00e9t\u00e9 des articles sur la table du buffet","robots":{"index":"index","follow":"follow","max-snippet":"max-snippet:-1","max-image-preview":"max-image-preview:large","max-video-preview":"max-video-preview:-1"},"canonical":"https:\/\/www.hotelkingmilano.com\/fr\/","og_locale":"fr_FR","og_type":"article","og_title":"H\u00f4tel King Mokinba - Au c\u0153ur de Milan","og_description":"H\u00f4tel King, sans esitation, le roi du groupe Mokinba. Dans le centre historique, \u00e0 cinq minutes du Duomo rempli, offre \u00e0 ses clients tout le confort.  Il a \u00e9t\u00e9 r\u00e9nov\u00e9 au fil des ans, tout en conservant un d\u00e9cor de style, offre \u00e0 ses clients un environnement \u00e9l\u00e9gant et accueillant avec une atmosph\u00e8re confortable et famili\u00e8re.  Chaque chambre dispose d'une salle de bains, s\u00e8che-cheveux, t\u00e9l\u00e9phone direct, t\u00e9l\u00e9vision par satellite, de la radio, d'une connexion Wi-Fi, de la climatisation et d'un minibar.  Quoi de mieux qu'un petit d\u00e9jeuner copieux pour commencer la journ\u00e9e? Vous serez surpris par la vari\u00e9t\u00e9 des articles sur la table du buffet","og_url":"https:\/\/www.hotelkingmilano.com\/fr\/","og_site_name":"Hotel King Milano","article_modified_time":"2022-09-01T07:44:38+00:00","og_image":[{"width":2200,"height":1200,"url":"https:\/\/www.hotelkingmilano.com\/wp-content\/uploads\/sites\/467\/2022\/06\/hotel_king_servizi_slide_02.jpg","type":"image\/jpeg"}],"twitter_card":"summary_large_image","schema":{"@context":"https:\/\/schema.org","@graph":[{"@type":"WebPage","@id":"https:\/\/www.hotelkingmilano.com\/fr\/","url":"https:\/\/www.hotelkingmilano.com\/fr\/","name":"H\u00f4tel King Mokinba - Au c\u0153ur de Milan","isPartOf":{"@id":"https:\/\/www.hotelkingmilano.com\/fr\/#website"},"datePublished":"2022-06-29T10:46:51+00:00","dateModified":"2022-09-01T07:44:38+00:00","description":"H\u00f4tel King, sans esitation, le roi du groupe Mokinba. Dans le centre historique, \u00e0 cinq minutes du Duomo rempli, offre \u00e0 ses clients tout le confort. Il a \u00e9t\u00e9 r\u00e9nov\u00e9 au fil des ans, tout en conservant un d\u00e9cor de style, offre \u00e0 ses clients un environnement \u00e9l\u00e9gant et accueillant avec une atmosph\u00e8re confortable et famili\u00e8re. Chaque chambre dispose d'une salle de bains, s\u00e8che-cheveux, t\u00e9l\u00e9phone direct, t\u00e9l\u00e9vision par satellite, de la radio, d'une connexion Wi-Fi, de la climatisation et d'un minibar. Quoi de mieux qu'un petit d\u00e9jeuner copieux pour commencer la journ\u00e9e? Vous serez surpris par la vari\u00e9t\u00e9 des articles sur la table du buffet","breadcrumb":{"@id":"https:\/\/www.hotelkingmilano.com\/fr\/#breadcrumb"},"inLanguage":"fr-FR","potentialAction":[{"@type":"ReadAction","target":["https:\/\/www.hotelkingmilano.com\/fr\/"]}]},{"@type":"BreadcrumbList","@id":"https:\/\/www.hotelkingmilano.com\/fr\/#breadcrumb","itemListElement":[{"@type":"ListItem","position":1,"name":"Home","item":"https:\/\/www.hotelkingmilano.com\/fr\/"},{"@type":"ListItem","position":2,"name":"Bienvenue \u00e0 Milan"}]},{"@type":"WebSite","@id":"https:\/\/www.hotelkingmilano.com\/fr\/#website","url":"https:\/\/www.hotelkingmilano.com\/fr\/","name":"Hotel King Milano","description":"Ecco un altro sito ms.decms.eu","potentialAction":[{"@type":"SearchAction","target":{"@type":"EntryPoint","urlTemplate":"https:\/\/www.hotelkingmilano.com\/fr\/?s={search_term_string}"},"query-input":{"@type":"PropertyValueSpecification","valueRequired":true,"valueName":"search_term_string"}}],"inLanguage":"fr-FR"}]}},"acf":[],"_links":{"self":[{"href":"https:\/\/www.hotelkingmilano.com\/fr\/wp-json\/wp\/v2\/pages\/63","targetHints":{"allow":["GET"]}}],"collection":[{"href":"https:\/\/www.hotelkingmilano.com\/fr\/wp-json\/wp\/v2\/pages"}],"about":[{"href":"https:\/\/www.hotelkingmilano.com\/fr\/wp-json\/wp\/v2\/types\/page"}],"author":[{"embeddable":true,"href":"https:\/\/www.hotelkingmilano.com\/fr\/wp-json\/wp\/v2\/users\/13"}],"replies":[{"embeddable":true,"href":"https:\/\/www.hotelkingmilano.com\/fr\/wp-json\/wp\/v2\/comments?post=63"}],"version-history":[{"count":0,"href":"https:\/\/www.hotelkingmilano.com\/fr\/wp-json\/wp\/v2\/pages\/63\/revisions"}],"wp:attachment":[{"href":"https:\/\/www.hotelkingmilano.com\/fr\/wp-json\/wp\/v2\/media?parent=63"}],"curies":[{"name":"wp","href":"https:\/\/api.w.org\/{rel}","templated":true}]}}