{"id":64,"date":"2022-06-29T12:47:02","date_gmt":"2022-06-29T10:47:02","guid":{"rendered":"https:\/\/hotelkingmilano.ms.decms.eu\/?page_id=64"},"modified":"2022-09-01T09:44:58","modified_gmt":"2022-09-01T07:44:58","slug":"willkommen-im-hotel-king","status":"publish","type":"page","link":"https:\/\/www.hotelkingmilano.com\/de\/","title":{"rendered":"Willkommen im Hotel King"},"content":{"rendered":"<p>Hotel King, ohne Anregung, der K\u00f6nig der Gruppe Mokinba. Im historischen Zentrum, f\u00fcnf Minuten von der Duomo gef\u00fcllt, bietet seinen G\u00e4sten jeglichen Komfort.<\/p>\n<p>Es hat sich im Laufe der Jahre renoviert, unter Beibehaltung einer Stil eingerichtet, bietet seinen G\u00e4sten eine elegante und einladende Umgebung mit gem\u00fctlichen und famili\u00e4ren Atmosph\u00e4re.<\/p>\n<p>Jedes Zimmer hat ein Bad, Haartrockner, Direktwahltelefon, Sat-TV, Radio, kostenfreiem WLAN, Klimaanlage und Minibar.<\/p>\n<p>Was ist besser als ein gro\u00dfz\u00fcgiges Fr\u00fchst\u00fcck den Tag zu starten? Sie werden von der Vielfalt der Einzelteile auf dem Buffettisch \u00fcberrascht sein. Sie brauchen, um Ihr Auto zu parken? Kein Problem: es gibt eine private Garage nur 5 Minuten zu Fuss.<\/p>\n<p>Die Rezeption wird Sie gerne mit einem schnellen Service zu 24 zu unterst\u00fctzen.<\/p>\n<p>Besuchen Sie uns, wir freuen uns, unser Bestes, Willkommen zu zeigen!<\/p>\n","protected":false},"excerpt":{"rendered":"<p>Hotel King, ohne Anregung, der K\u00f6nig der Gruppe Mokinba. Im historischen Zentrum, f\u00fcnf Minuten von der Duomo gef\u00fcllt, bietet seinen G\u00e4sten jeglichen Komfort. Es hat sich im Laufe der Jahre renoviert, unter Beibehaltung einer Stil eingerichtet, bietet seinen G\u00e4sten eine elegante und einladende Umgebung mit gem\u00fctlichen und famili\u00e4ren Atmosph\u00e4re. Jedes Zimmer hat ein Bad, Haartrockner, [&hellip;]<\/p>\n","protected":false},"author":13,"featured_media":0,"parent":0,"menu_order":10,"comment_status":"closed","ping_status":"closed","template":"","meta":{"footnotes":""},"class_list":["post-64","page","type-page","status-publish","hentry"],"yoast_head":"<!-- This site is optimized with the Yoast SEO plugin v26.9 - https:\/\/yoast.com\/product\/yoast-seo-wordpress\/ -->\n<title>Hotel King Mokinba - Im Herzen von Mailand<\/title>\n<meta name=\"description\" content=\"Hotel King, ohne Anregung, der K\u00f6nig der Gruppe Mokinba. Im historischen Zentrum, f\u00fcnf Minuten von der Duomo gef\u00fcllt, bietet seinen G\u00e4sten jeglichen Komfort.  Es hat sich im Laufe der Jahre renoviert, unter Beibehaltung einer Stil eingerichtet, bietet seinen G\u00e4sten eine elegante und einladende Umgebung mit gem\u00fctlichen und famili\u00e4ren Atmosph\u00e4re.  Jedes Zimmer hat ein Bad, Haartrockner, Direktwahltelefon, Sat-TV, Radio, kostenfreiem WLAN, Klimaanlage und Minibar.  Was ist besser als ein gro\u00dfz\u00fcgiges Fr\u00fchst\u00fcck den Tag zu starten? Sie werden von der Vielfalt der Einzelteile auf dem Buffettisch \u00fcberrascht sein\" \/>\n<meta name=\"robots\" content=\"index, follow, max-snippet:-1, max-image-preview:large, max-video-preview:-1\" \/>\n<link rel=\"canonical\" href=\"https:\/\/www.hotelkingmilano.com\/de\/\" \/>\n<meta property=\"og:locale\" content=\"de_DE\" \/>\n<meta property=\"og:type\" content=\"article\" \/>\n<meta property=\"og:title\" content=\"Hotel King Mokinba - Im Herzen von Mailand\" \/>\n<meta property=\"og:description\" content=\"Hotel King, ohne Anregung, der K\u00f6nig der Gruppe Mokinba. Im historischen Zentrum, f\u00fcnf Minuten von der Duomo gef\u00fcllt, bietet seinen G\u00e4sten jeglichen Komfort.  Es hat sich im Laufe der Jahre renoviert, unter Beibehaltung einer Stil eingerichtet, bietet seinen G\u00e4sten eine elegante und einladende Umgebung mit gem\u00fctlichen und famili\u00e4ren Atmosph\u00e4re.  Jedes Zimmer hat ein Bad, Haartrockner, Direktwahltelefon, Sat-TV, Radio, kostenfreiem WLAN, Klimaanlage und Minibar.  Was ist besser als ein gro\u00dfz\u00fcgiges Fr\u00fchst\u00fcck den Tag zu starten? Sie werden von der Vielfalt der Einzelteile auf dem Buffettisch \u00fcberrascht sein\" \/>\n<meta property=\"og:url\" content=\"https:\/\/www.hotelkingmilano.com\/de\/\" \/>\n<meta property=\"og:site_name\" content=\"Hotel King Milano\" \/>\n<meta property=\"article:modified_time\" content=\"2022-09-01T07:44:58+00:00\" \/>\n<meta property=\"og:image\" content=\"https:\/\/www.hotelkingmilano.com\/wp-content\/uploads\/sites\/467\/2022\/06\/hotel_king_servizi_slide_02.jpg\" \/>\n\t<meta property=\"og:image:width\" content=\"2200\" \/>\n\t<meta property=\"og:image:height\" content=\"1200\" \/>\n\t<meta property=\"og:image:type\" content=\"image\/jpeg\" \/>\n<meta name=\"twitter:card\" content=\"summary_large_image\" \/>\n<script type=\"application\/ld+json\" class=\"yoast-schema-graph\">{\"@context\":\"https:\/\/schema.org\",\"@graph\":[{\"@type\":\"WebPage\",\"@id\":\"https:\/\/www.hotelkingmilano.com\/de\/\",\"url\":\"https:\/\/www.hotelkingmilano.com\/de\/\",\"name\":\"Hotel King Mokinba - Im Herzen von Mailand\",\"isPartOf\":{\"@id\":\"https:\/\/www.hotelkingmilano.com\/de\/#website\"},\"datePublished\":\"2022-06-29T10:47:02+00:00\",\"dateModified\":\"2022-09-01T07:44:58+00:00\",\"description\":\"Hotel King, ohne Anregung, der K\u00f6nig der Gruppe Mokinba. Im historischen Zentrum, f\u00fcnf Minuten von der Duomo gef\u00fcllt, bietet seinen G\u00e4sten jeglichen Komfort. Es hat sich im Laufe der Jahre renoviert, unter Beibehaltung einer Stil eingerichtet, bietet seinen G\u00e4sten eine elegante und einladende Umgebung mit gem\u00fctlichen und famili\u00e4ren Atmosph\u00e4re. Jedes Zimmer hat ein Bad, Haartrockner, Direktwahltelefon, Sat-TV, Radio, kostenfreiem WLAN, Klimaanlage und Minibar. Was ist besser als ein gro\u00dfz\u00fcgiges Fr\u00fchst\u00fcck den Tag zu starten? Sie werden von der Vielfalt der Einzelteile auf dem Buffettisch \u00fcberrascht sein\",\"breadcrumb\":{\"@id\":\"https:\/\/www.hotelkingmilano.com\/de\/#breadcrumb\"},\"inLanguage\":\"de-DE\",\"potentialAction\":[{\"@type\":\"ReadAction\",\"target\":[\"https:\/\/www.hotelkingmilano.com\/de\/\"]}]},{\"@type\":\"BreadcrumbList\",\"@id\":\"https:\/\/www.hotelkingmilano.com\/de\/#breadcrumb\",\"itemListElement\":[{\"@type\":\"ListItem\",\"position\":1,\"name\":\"Home\",\"item\":\"https:\/\/www.hotelkingmilano.com\/de\/\"},{\"@type\":\"ListItem\",\"position\":2,\"name\":\"Willkommen im Hotel King\"}]},{\"@type\":\"WebSite\",\"@id\":\"https:\/\/www.hotelkingmilano.com\/de\/#website\",\"url\":\"https:\/\/www.hotelkingmilano.com\/de\/\",\"name\":\"Hotel King Milano\",\"description\":\"Ecco un altro sito ms.decms.eu\",\"potentialAction\":[{\"@type\":\"SearchAction\",\"target\":{\"@type\":\"EntryPoint\",\"urlTemplate\":\"https:\/\/www.hotelkingmilano.com\/de\/?s={search_term_string}\"},\"query-input\":{\"@type\":\"PropertyValueSpecification\",\"valueRequired\":true,\"valueName\":\"search_term_string\"}}],\"inLanguage\":\"de-DE\"}]}<\/script>\n<!-- \/ Yoast SEO plugin. -->","yoast_head_json":{"title":"Hotel King Mokinba - Im Herzen von Mailand","description":"Hotel King, ohne Anregung, der K\u00f6nig der Gruppe Mokinba. Im historischen Zentrum, f\u00fcnf Minuten von der Duomo gef\u00fcllt, bietet seinen G\u00e4sten jeglichen Komfort.  Es hat sich im Laufe der Jahre renoviert, unter Beibehaltung einer Stil eingerichtet, bietet seinen G\u00e4sten eine elegante und einladende Umgebung mit gem\u00fctlichen und famili\u00e4ren Atmosph\u00e4re.  Jedes Zimmer hat ein Bad, Haartrockner, Direktwahltelefon, Sat-TV, Radio, kostenfreiem WLAN, Klimaanlage und Minibar.  Was ist besser als ein gro\u00dfz\u00fcgiges Fr\u00fchst\u00fcck den Tag zu starten? Sie werden von der Vielfalt der Einzelteile auf dem Buffettisch \u00fcberrascht sein","robots":{"index":"index","follow":"follow","max-snippet":"max-snippet:-1","max-image-preview":"max-image-preview:large","max-video-preview":"max-video-preview:-1"},"canonical":"https:\/\/www.hotelkingmilano.com\/de\/","og_locale":"de_DE","og_type":"article","og_title":"Hotel King Mokinba - Im Herzen von Mailand","og_description":"Hotel King, ohne Anregung, der K\u00f6nig der Gruppe Mokinba. Im historischen Zentrum, f\u00fcnf Minuten von der Duomo gef\u00fcllt, bietet seinen G\u00e4sten jeglichen Komfort.  Es hat sich im Laufe der Jahre renoviert, unter Beibehaltung einer Stil eingerichtet, bietet seinen G\u00e4sten eine elegante und einladende Umgebung mit gem\u00fctlichen und famili\u00e4ren Atmosph\u00e4re.  Jedes Zimmer hat ein Bad, Haartrockner, Direktwahltelefon, Sat-TV, Radio, kostenfreiem WLAN, Klimaanlage und Minibar.  Was ist besser als ein gro\u00dfz\u00fcgiges Fr\u00fchst\u00fcck den Tag zu starten? Sie werden von der Vielfalt der Einzelteile auf dem Buffettisch \u00fcberrascht sein","og_url":"https:\/\/www.hotelkingmilano.com\/de\/","og_site_name":"Hotel King Milano","article_modified_time":"2022-09-01T07:44:58+00:00","og_image":[{"width":2200,"height":1200,"url":"https:\/\/www.hotelkingmilano.com\/wp-content\/uploads\/sites\/467\/2022\/06\/hotel_king_servizi_slide_02.jpg","type":"image\/jpeg"}],"twitter_card":"summary_large_image","schema":{"@context":"https:\/\/schema.org","@graph":[{"@type":"WebPage","@id":"https:\/\/www.hotelkingmilano.com\/de\/","url":"https:\/\/www.hotelkingmilano.com\/de\/","name":"Hotel King Mokinba - Im Herzen von Mailand","isPartOf":{"@id":"https:\/\/www.hotelkingmilano.com\/de\/#website"},"datePublished":"2022-06-29T10:47:02+00:00","dateModified":"2022-09-01T07:44:58+00:00","description":"Hotel King, ohne Anregung, der K\u00f6nig der Gruppe Mokinba. Im historischen Zentrum, f\u00fcnf Minuten von der Duomo gef\u00fcllt, bietet seinen G\u00e4sten jeglichen Komfort. Es hat sich im Laufe der Jahre renoviert, unter Beibehaltung einer Stil eingerichtet, bietet seinen G\u00e4sten eine elegante und einladende Umgebung mit gem\u00fctlichen und famili\u00e4ren Atmosph\u00e4re. Jedes Zimmer hat ein Bad, Haartrockner, Direktwahltelefon, Sat-TV, Radio, kostenfreiem WLAN, Klimaanlage und Minibar. Was ist besser als ein gro\u00dfz\u00fcgiges Fr\u00fchst\u00fcck den Tag zu starten? Sie werden von der Vielfalt der Einzelteile auf dem Buffettisch \u00fcberrascht sein","breadcrumb":{"@id":"https:\/\/www.hotelkingmilano.com\/de\/#breadcrumb"},"inLanguage":"de-DE","potentialAction":[{"@type":"ReadAction","target":["https:\/\/www.hotelkingmilano.com\/de\/"]}]},{"@type":"BreadcrumbList","@id":"https:\/\/www.hotelkingmilano.com\/de\/#breadcrumb","itemListElement":[{"@type":"ListItem","position":1,"name":"Home","item":"https:\/\/www.hotelkingmilano.com\/de\/"},{"@type":"ListItem","position":2,"name":"Willkommen im Hotel King"}]},{"@type":"WebSite","@id":"https:\/\/www.hotelkingmilano.com\/de\/#website","url":"https:\/\/www.hotelkingmilano.com\/de\/","name":"Hotel King Milano","description":"Ecco un altro sito ms.decms.eu","potentialAction":[{"@type":"SearchAction","target":{"@type":"EntryPoint","urlTemplate":"https:\/\/www.hotelkingmilano.com\/de\/?s={search_term_string}"},"query-input":{"@type":"PropertyValueSpecification","valueRequired":true,"valueName":"search_term_string"}}],"inLanguage":"de-DE"}]}},"acf":[],"_links":{"self":[{"href":"https:\/\/www.hotelkingmilano.com\/de\/wp-json\/wp\/v2\/pages\/64","targetHints":{"allow":["GET"]}}],"collection":[{"href":"https:\/\/www.hotelkingmilano.com\/de\/wp-json\/wp\/v2\/pages"}],"about":[{"href":"https:\/\/www.hotelkingmilano.com\/de\/wp-json\/wp\/v2\/types\/page"}],"author":[{"embeddable":true,"href":"https:\/\/www.hotelkingmilano.com\/de\/wp-json\/wp\/v2\/users\/13"}],"replies":[{"embeddable":true,"href":"https:\/\/www.hotelkingmilano.com\/de\/wp-json\/wp\/v2\/comments?post=64"}],"version-history":[{"count":0,"href":"https:\/\/www.hotelkingmilano.com\/de\/wp-json\/wp\/v2\/pages\/64\/revisions"}],"wp:attachment":[{"href":"https:\/\/www.hotelkingmilano.com\/de\/wp-json\/wp\/v2\/media?parent=64"}],"curies":[{"name":"wp","href":"https:\/\/api.w.org\/{rel}","templated":true}]}}